{"id":832,"date":"2026-03-04T23:37:11","date_gmt":"2026-03-04T23:37:11","guid":{"rendered":"https:\/\/cg-telgte.de\/?page_id=832"},"modified":"2026-03-10T17:13:34","modified_gmt":"2026-03-10T17:13:34","slug":"impressum","status":"publish","type":"page","link":"https:\/\/cg-telgte.de\/ru\/impressum\/","title":{"rendered":"\u0412\u044b\u0445\u043e\u0434\u043d\u044b\u0435 \u0434\u0430\u043d\u043d\u044b\u0435"},"content":{"rendered":"<h2 class=\"wp-block-heading\"><strong>Angaben gem\u00e4\u00df \u00a7 5 Telemediengesetz (TMG)<\/strong><\/h2>\n\n\n\n<p>\u0425\u0440\u0438\u0441\u0442\u0438\u0430\u043d\u0441\u043a\u0430\u044f \u043e\u0431\u0449\u0438\u043d\u0430 \u0422\u0435\u043b\u044c\u0433\u0442\u0435<br>Alfred-Krupp-Stra\u00dfe 4<br>48291 Telgte<br>Deutschland<br>Telefon: 004915228669853<br>E-Mail: cgtelgte@outlook.de<br>Website: https:\/\/cg-telgte.de\u2060<\/p>\n\n\n\n<h2 class=\"wp-block-heading\"><strong>Vertreten durch<\/strong><\/h2>\n\n\n\n<p>Gemeindeleitung:<br>Valeri Wiebe<\/p>\n\n\n\n<h2 class=\"wp-block-heading\">Registereintrag<\/h2>\n\n\n\n<p>Registergericht: M\u00fcnster<br>Vereinsregister: 6306<\/p>\n\n\n\n<h2 class=\"wp-block-heading\"><strong>Verantwortlich f\u00fcr den Inhalt nach \u00a7 18 Abs. 2 MStV<\/strong><\/h2>\n\n\n\n<p>Paul Kochan<br>Alfred-Krupp-Stra\u00dfe 4<br>48291 Telgte<\/p>\n\n\n\n<h2 class=\"wp-block-heading\"><strong>Haftung f\u00fcr Inhalte<\/strong><\/h2>\n\n\n\n<p>Die Inhalte unserer Seiten wurden mit gr\u00f6\u00dfter Sorgfalt erstellt. F\u00fcr die Richtigkeit, Vollst\u00e4ndigkeit und Aktualit\u00e4t der Inhalte k\u00f6nnen wir jedoch keine Gew\u00e4hr \u00fcbernehmen.<br>Als Diensteanbieter sind wir gem\u00e4\u00df \u00a7 7 Abs.1 TMG f\u00fcr eigene Inhalte auf diesen Seiten nach den allgemeinen Gesetzen verantwortlich.<\/p>\n\n\n\n<h2 class=\"wp-block-heading\"><strong>Haftung f\u00fcr Links<\/strong><\/h2>\n\n\n\n<p>Unsere Website enth\u00e4lt Links zu externen Websites Dritter, auf deren Inhalte wir keinen Einfluss haben. Deshalb k\u00f6nnen wir f\u00fcr diese fremden Inhalte auch keine Gew\u00e4hr \u00fcbernehmen.<br>F\u00fcr die Inhalte der verlinkten Seiten ist stets der jeweilige Anbieter oder Betreiber der Seiten verantwortlich.<\/p>\n\n\n\n<h2 class=\"wp-block-heading\"><strong>Urheberrecht<\/strong><\/h2>\n\n\n\n<p>Die durch die Seitenbetreiber erstellten Inhalte und Werke auf diesen Seiten unterliegen dem deutschen Urheberrecht.<br>Die Vervielf\u00e4ltigung, Bearbeitung, Verbreitung und jede Art der Verwertung au\u00dferhalb der Grenzen des Urheberrechts bed\u00fcrfen der schriftlichen Zustimmung des jeweiligen Autors bzw. Erstellers.<\/p>\n\n\n\n<h2 class=\"wp-block-heading\">Streitbeilegung<\/h2>\n\n\n\n<p>Die Europ\u00e4ische Kommission stellt eine Plattform zur Online-Streitbeilegung bereit:<br>https:\/\/ec.europa.eu\/consumers\/odr\/\u2060<br>Wir sind nicht verpflichtet und nicht bereit, an Streitbeilegungsverfahren vor einer Verbraucherschlichtungsstelle teilzunehmen.<\/p>\n\n\n\n<p><\/p>","protected":false},"excerpt":{"rendered":"<p>Angaben gem\u00e4\u00df \u00a7 5 Telemediengesetz (TMG) Christliche Gemeinde TelgteAlfred-Krupp-Stra\u00dfe 448291 TelgteDeutschlandTelefon: 004915228669853E-Mail: cgtelgte@outlook.deWebsite: https:\/\/cg-telgte.de\u2060 Vertreten durch Gemeindeleitung:Valeri Wiebe Registereintrag Registergericht: M\u00fcnsterVereinsregister: 6306 Verantwortlich f\u00fcr den Inhalt nach \u00a7 18 Abs. [&hellip;]<\/p>\n","protected":false},"author":1,"featured_media":0,"parent":0,"menu_order":0,"comment_status":"closed","ping_status":"closed","template":"","meta":{"inline_featured_image":false,"ocean_post_layout":"","ocean_both_sidebars_style":"","ocean_both_sidebars_content_width":0,"ocean_both_sidebars_sidebars_width":0,"ocean_sidebar":"","ocean_second_sidebar":"","ocean_disable_margins":"enable","ocean_add_body_class":"","ocean_shortcode_before_top_bar":"","ocean_shortcode_after_top_bar":"","ocean_shortcode_before_header":"","ocean_shortcode_after_header":"","ocean_has_shortcode":"","ocean_shortcode_after_title":"","ocean_shortcode_before_footer_widgets":"","ocean_shortcode_after_footer_widgets":"","ocean_shortcode_before_footer_bottom":"","ocean_shortcode_after_footer_bottom":"","ocean_display_top_bar":"default","ocean_display_header":"default","ocean_header_style":"","ocean_center_header_left_menu":"","ocean_custom_header_template":"","ocean_custom_logo":0,"ocean_custom_retina_logo":0,"ocean_custom_logo_max_width":0,"ocean_custom_logo_tablet_max_width":0,"ocean_custom_logo_mobile_max_width":0,"ocean_custom_logo_max_height":0,"ocean_custom_logo_tablet_max_height":0,"ocean_custom_logo_mobile_max_height":0,"ocean_header_custom_menu":"","ocean_menu_typo_font_family":"","ocean_menu_typo_font_subset":"","ocean_menu_typo_font_size":0,"ocean_menu_typo_font_size_tablet":0,"ocean_menu_typo_font_size_mobile":0,"ocean_menu_typo_font_size_unit":"px","ocean_menu_typo_font_weight":"","ocean_menu_typo_font_weight_tablet":"","ocean_menu_typo_font_weight_mobile":"","ocean_menu_typo_transform":"","ocean_menu_typo_transform_tablet":"","ocean_menu_typo_transform_mobile":"","ocean_menu_typo_line_height":0,"ocean_menu_typo_line_height_tablet":0,"ocean_menu_typo_line_height_mobile":0,"ocean_menu_typo_line_height_unit":"","ocean_menu_typo_spacing":0,"ocean_menu_typo_spacing_tablet":0,"ocean_menu_typo_spacing_mobile":0,"ocean_menu_typo_spacing_unit":"","ocean_menu_link_color":"","ocean_menu_link_color_hover":"","ocean_menu_link_color_active":"","ocean_menu_link_background":"","ocean_menu_link_hover_background":"","ocean_menu_link_active_background":"","ocean_menu_social_links_bg":"","ocean_menu_social_hover_links_bg":"","ocean_menu_social_links_color":"","ocean_menu_social_hover_links_color":"","ocean_disable_title":"on","ocean_disable_heading":"enable","ocean_post_title":"","ocean_post_subheading":"","ocean_post_title_style":"","ocean_post_title_background_color":"","ocean_post_title_background":0,"ocean_post_title_bg_image_position":"","ocean_post_title_bg_image_attachment":"","ocean_post_title_bg_image_repeat":"","ocean_post_title_bg_image_size":"","ocean_post_title_height":0,"ocean_post_title_bg_overlay":0.5,"ocean_post_title_bg_overlay_color":"","ocean_disable_breadcrumbs":"default","ocean_breadcrumbs_color":"","ocean_breadcrumbs_separator_color":"","ocean_breadcrumbs_links_color":"","ocean_breadcrumbs_links_hover_color":"","ocean_display_footer_widgets":"off","ocean_display_footer_bottom":"on","ocean_custom_footer_template":"","footnotes":""},"class_list":["post-832","page","type-page","status-publish","hentry","entry"],"yoast_head":"<!-- This site is optimized with the Yoast SEO plugin v27.3 - https:\/\/yoast.com\/product\/yoast-seo-wordpress\/ -->\n<title>Impressum - cg-telgte.de<\/title>\n<meta name=\"robots\" content=\"index, follow, max-snippet:-1, max-image-preview:large, max-video-preview:-1\" \/>\n<link rel=\"canonical\" href=\"https:\/\/cg-telgte.de\/ru\/impressum\/\" \/>\n<meta property=\"og:locale\" content=\"ru_RU\" \/>\n<meta property=\"og:type\" content=\"article\" \/>\n<meta property=\"og:title\" content=\"Impressum - cg-telgte.de\" \/>\n<meta property=\"og:description\" content=\"Angaben gem\u00e4\u00df \u00a7 5 Telemediengesetz (TMG) Christliche Gemeinde TelgteAlfred-Krupp-Stra\u00dfe 448291 TelgteDeutschlandTelefon: 004915228669853E-Mail: cgtelgte@outlook.deWebsite: https:\/\/cg-telgte.de\u2060 Vertreten durch Gemeindeleitung:Valeri Wiebe Registereintrag Registergericht: M\u00fcnsterVereinsregister: 6306 Verantwortlich f\u00fcr den Inhalt nach \u00a7 18 Abs. [&hellip;]\" \/>\n<meta property=\"og:url\" content=\"https:\/\/cg-telgte.de\/ru\/impressum\/\" \/>\n<meta property=\"og:site_name\" content=\"cg-telgte.de\" \/>\n<meta property=\"article:modified_time\" content=\"2026-03-10T17:13:34+00:00\" \/>\n<meta name=\"twitter:card\" content=\"summary_large_image\" \/>\n<meta name=\"twitter:label1\" content=\"\u041f\u0440\u0438\u043c\u0435\u0440\u043d\u043e\u0435 \u0432\u0440\u0435\u043c\u044f \u0434\u043b\u044f \u0447\u0442\u0435\u043d\u0438\u044f\" \/>\n\t<meta name=\"twitter:data1\" content=\"2 \u043c\u0438\u043d\u0443\u0442\u044b\" \/>\n<script type=\"application\/ld+json\" class=\"yoast-schema-graph\">{\"@context\":\"https:\\\/\\\/schema.org\",\"@graph\":[{\"@type\":\"WebPage\",\"@id\":\"https:\\\/\\\/cg-telgte.de\\\/impressum\\\/\",\"url\":\"https:\\\/\\\/cg-telgte.de\\\/impressum\\\/\",\"name\":\"Impressum - cg-telgte.de\",\"isPartOf\":{\"@id\":\"https:\\\/\\\/cg-telgte.de\\\/#website\"},\"datePublished\":\"2026-03-04T23:37:11+00:00\",\"dateModified\":\"2026-03-10T17:13:34+00:00\",\"breadcrumb\":{\"@id\":\"https:\\\/\\\/cg-telgte.de\\\/impressum\\\/#breadcrumb\"},\"inLanguage\":\"ru-RU\",\"potentialAction\":[{\"@type\":\"ReadAction\",\"target\":[\"https:\\\/\\\/cg-telgte.de\\\/impressum\\\/\"]}]},{\"@type\":\"BreadcrumbList\",\"@id\":\"https:\\\/\\\/cg-telgte.de\\\/impressum\\\/#breadcrumb\",\"itemListElement\":[{\"@type\":\"ListItem\",\"position\":1,\"name\":\"Start\",\"item\":\"https:\\\/\\\/cg-telgte.de\\\/\"},{\"@type\":\"ListItem\",\"position\":2,\"name\":\"Impressum\"}]},{\"@type\":\"WebSite\",\"@id\":\"https:\\\/\\\/cg-telgte.de\\\/#website\",\"url\":\"https:\\\/\\\/cg-telgte.de\\\/\",\"name\":\"cg-telgte.de\",\"description\":\"Christliche Gemeinde Telgte\",\"publisher\":{\"@id\":\"https:\\\/\\\/cg-telgte.de\\\/#organization\"},\"potentialAction\":[{\"@type\":\"SearchAction\",\"target\":{\"@type\":\"EntryPoint\",\"urlTemplate\":\"https:\\\/\\\/cg-telgte.de\\\/?s={search_term_string}\"},\"query-input\":{\"@type\":\"PropertyValueSpecification\",\"valueRequired\":true,\"valueName\":\"search_term_string\"}}],\"inLanguage\":\"ru-RU\"},{\"@type\":\"Organization\",\"@id\":\"https:\\\/\\\/cg-telgte.de\\\/#organization\",\"name\":\"cg-telgte.de\",\"url\":\"https:\\\/\\\/cg-telgte.de\\\/\",\"logo\":{\"@type\":\"ImageObject\",\"inLanguage\":\"ru-RU\",\"@id\":\"https:\\\/\\\/cg-telgte.de\\\/#\\\/schema\\\/logo\\\/image\\\/\",\"url\":\"https:\\\/\\\/cg-telgte.de\\\/wp-content\\\/uploads\\\/2026\\\/02\\\/cropped-Kein-Titel-1200-x-675-px_20260228_010306_0000.png\",\"contentUrl\":\"https:\\\/\\\/cg-telgte.de\\\/wp-content\\\/uploads\\\/2026\\\/02\\\/cropped-Kein-Titel-1200-x-675-px_20260228_010306_0000.png\",\"width\":423,\"height\":280,\"caption\":\"cg-telgte.de\"},\"image\":{\"@id\":\"https:\\\/\\\/cg-telgte.de\\\/#\\\/schema\\\/logo\\\/image\\\/\"}}]}<\/script>\n<!-- \/ Yoast SEO plugin. -->","yoast_head_json":{"title":"Impressum - cg-telgte.de","robots":{"index":"index","follow":"follow","max-snippet":"max-snippet:-1","max-image-preview":"max-image-preview:large","max-video-preview":"max-video-preview:-1"},"canonical":"https:\/\/cg-telgte.de\/ru\/impressum\/","og_locale":"ru_RU","og_type":"article","og_title":"Impressum - cg-telgte.de","og_description":"Angaben gem\u00e4\u00df \u00a7 5 Telemediengesetz (TMG) Christliche Gemeinde TelgteAlfred-Krupp-Stra\u00dfe 448291 TelgteDeutschlandTelefon: 004915228669853E-Mail: cgtelgte@outlook.deWebsite: https:\/\/cg-telgte.de\u2060 Vertreten durch Gemeindeleitung:Valeri Wiebe Registereintrag Registergericht: M\u00fcnsterVereinsregister: 6306 Verantwortlich f\u00fcr den Inhalt nach \u00a7 18 Abs. [&hellip;]","og_url":"https:\/\/cg-telgte.de\/ru\/impressum\/","og_site_name":"cg-telgte.de","article_modified_time":"2026-03-10T17:13:34+00:00","twitter_card":"summary_large_image","twitter_misc":{"\u041f\u0440\u0438\u043c\u0435\u0440\u043d\u043e\u0435 \u0432\u0440\u0435\u043c\u044f \u0434\u043b\u044f \u0447\u0442\u0435\u043d\u0438\u044f":"2 \u043c\u0438\u043d\u0443\u0442\u044b"},"schema":{"@context":"https:\/\/schema.org","@graph":[{"@type":"WebPage","@id":"https:\/\/cg-telgte.de\/impressum\/","url":"https:\/\/cg-telgte.de\/impressum\/","name":"Impressum - cg-telgte.de","isPartOf":{"@id":"https:\/\/cg-telgte.de\/#website"},"datePublished":"2026-03-04T23:37:11+00:00","dateModified":"2026-03-10T17:13:34+00:00","breadcrumb":{"@id":"https:\/\/cg-telgte.de\/impressum\/#breadcrumb"},"inLanguage":"ru-RU","potentialAction":[{"@type":"ReadAction","target":["https:\/\/cg-telgte.de\/impressum\/"]}]},{"@type":"BreadcrumbList","@id":"https:\/\/cg-telgte.de\/impressum\/#breadcrumb","itemListElement":[{"@type":"ListItem","position":1,"name":"Start","item":"https:\/\/cg-telgte.de\/"},{"@type":"ListItem","position":2,"name":"Impressum"}]},{"@type":"WebSite","@id":"https:\/\/cg-telgte.de\/#website","url":"https:\/\/cg-telgte.de\/","name":"cg-telgte.de","description":"\u0425\u0440\u0438\u0441\u0442\u0438\u0430\u043d\u0441\u043a\u0430\u044f \u043e\u0431\u0449\u0438\u043d\u0430 \u0422\u0435\u043b\u044c\u0433\u0442\u0435","publisher":{"@id":"https:\/\/cg-telgte.de\/#organization"},"potentialAction":[{"@type":"SearchAction","target":{"@type":"EntryPoint","urlTemplate":"https:\/\/cg-telgte.de\/?s={search_term_string}"},"query-input":{"@type":"PropertyValueSpecification","valueRequired":true,"valueName":"search_term_string"}}],"inLanguage":"ru-RU"},{"@type":"Organization","@id":"https:\/\/cg-telgte.de\/#organization","name":"cg-telgte.de","url":"https:\/\/cg-telgte.de\/","logo":{"@type":"ImageObject","inLanguage":"ru-RU","@id":"https:\/\/cg-telgte.de\/#\/schema\/logo\/image\/","url":"https:\/\/cg-telgte.de\/wp-content\/uploads\/2026\/02\/cropped-Kein-Titel-1200-x-675-px_20260228_010306_0000.png","contentUrl":"https:\/\/cg-telgte.de\/wp-content\/uploads\/2026\/02\/cropped-Kein-Titel-1200-x-675-px_20260228_010306_0000.png","width":423,"height":280,"caption":"cg-telgte.de"},"image":{"@id":"https:\/\/cg-telgte.de\/#\/schema\/logo\/image\/"}}]}},"_hostinger_reach_plugin_has_subscription_block":false,"_hostinger_reach_plugin_is_elementor":false,"_links":{"self":[{"href":"https:\/\/cg-telgte.de\/ru\/wp-json\/wp\/v2\/pages\/832","targetHints":{"allow":["GET"]}}],"collection":[{"href":"https:\/\/cg-telgte.de\/ru\/wp-json\/wp\/v2\/pages"}],"about":[{"href":"https:\/\/cg-telgte.de\/ru\/wp-json\/wp\/v2\/types\/page"}],"author":[{"embeddable":true,"href":"https:\/\/cg-telgte.de\/ru\/wp-json\/wp\/v2\/users\/1"}],"replies":[{"embeddable":true,"href":"https:\/\/cg-telgte.de\/ru\/wp-json\/wp\/v2\/comments?post=832"}],"version-history":[{"count":8,"href":"https:\/\/cg-telgte.de\/ru\/wp-json\/wp\/v2\/pages\/832\/revisions"}],"predecessor-version":[{"id":900,"href":"https:\/\/cg-telgte.de\/ru\/wp-json\/wp\/v2\/pages\/832\/revisions\/900"}],"wp:attachment":[{"href":"https:\/\/cg-telgte.de\/ru\/wp-json\/wp\/v2\/media?parent=832"}],"curies":[{"name":"wp","href":"https:\/\/api.w.org\/{rel}","templated":true}]}}