{"id":583,"date":"2026-02-24T11:30:35","date_gmt":"2026-02-24T11:30:35","guid":{"rendered":"https:\/\/cg-telgte.de\/?page_id=583"},"modified":"2026-03-14T16:00:51","modified_gmt":"2026-03-14T16:00:51","slug":"unsere-projekte","status":"publish","type":"page","link":"https:\/\/cg-telgte.de\/ru\/unsere-projekte\/","title":{"rendered":"\u041d\u0430\u0448\u0438 \u043f\u0440\u043e\u0435\u043a\u0442\u044b"},"content":{"rendered":"<div data-elementor-type=\"wp-page\" data-elementor-id=\"583\" class=\"elementor elementor-583\">\n\t\t\t\t<div class=\"elementor-element elementor-element-r9pgmcc e-flex e-con-boxed e-con e-parent\" data-id=\"r9pgmcc\" data-element_type=\"container\" data-e-type=\"container\" data-settings=\"{&quot;background_background&quot;:&quot;classic&quot;,&quot;shape_divider_bottom&quot;:&quot;pyramids&quot;}\">\n\t\t\t\t\t<div class=\"e-con-inner\">\n\t\t\t\t<div class=\"elementor-shape elementor-shape-bottom\" aria-hidden=\"true\" data-negative=\"false\">\n\t\t\t<svg xmlns=\"http:\/\/www.w3.org\/2000\/svg\" viewbox=\"0 0 1000 100\" preserveaspectratio=\"none\">\n\t<path class=\"elementor-shape-fill\" d=\"M761.9,44.1L643.1,27.2L333.8,98L0,3.8V0l1000,0v3.9\"\/>\n<\/svg>\t\t<\/div>\n\t\t<div class=\"elementor-element elementor-element-d21b7e0 e-flex e-con-boxed e-con e-child\" data-id=\"d21b7e0\" data-element_type=\"container\" data-e-type=\"container\">\n\t\t\t\t\t<div class=\"e-con-inner\">\n\t\t\t\t<div class=\"elementor-element elementor-element-e9fd9dc elementor-widget elementor-widget-heading\" data-id=\"e9fd9dc\" data-element_type=\"widget\" data-e-type=\"widget\" data-widget_type=\"heading.default\">\n\t\t\t\t\t<h1 class=\"elementor-heading-title elementor-size-default\">\u041d\u0430\u0448\u0438 \u043f\u0440\u043e\u0435\u043a\u0442\u044b<\/h1>\t\t\t\t<\/div>\n\t\t\t\t\t<\/div>\n\t\t\t\t<\/div>\n\t\t\t\t\t<\/div>\n\t\t\t\t<\/div>\n\t\t<div class=\"elementor-element elementor-element-3up4sd4 e-flex e-con-boxed e-con e-parent\" data-id=\"3up4sd4\" data-element_type=\"container\" data-e-type=\"container\">\n\t\t\t\t\t<div class=\"e-con-inner\">\n\t\t<div class=\"elementor-element elementor-element-7dbc6fb e-con-full e-flex e-con e-child\" data-id=\"7dbc6fb\" data-element_type=\"container\" data-e-type=\"container\">\n\t\t\t\t<div class=\"elementor-element elementor-element-6658dc9 elementor-widget elementor-widget-heading\" data-id=\"6658dc9\" data-element_type=\"widget\" data-e-type=\"widget\" data-widget_type=\"heading.default\">\n\t\t\t\t\t<h4 class=\"elementor-heading-title elementor-size-default\">\u041f\u0440\u043e\u0435\u043a\u0442: \u0445\u0440\u0438\u0441\u0442\u0438\u0430\u043d\u0441\u043a\u043e\u0435 \u043a\u0430\u0444\u0435<\/h4>\t\t\t\t<\/div>\n\t\t<div class=\"elementor-element elementor-element-b9e5e03 e-con-full e-flex e-con e-child\" data-id=\"b9e5e03\" data-element_type=\"container\" data-e-type=\"container\" data-settings=\"{&quot;background_background&quot;:&quot;classic&quot;}\">\n\t\t<div class=\"elementor-element elementor-element-6645448 e-con-full e-flex e-con e-child\" data-id=\"6645448\" data-element_type=\"container\" data-e-type=\"container\">\n\t\t\t\t<div class=\"elementor-element elementor-element-bfea361 elementor-widget elementor-widget-text-editor\" data-id=\"bfea361\" data-element_type=\"widget\" data-e-type=\"widget\" data-widget_type=\"text-editor.default\">\n\t\t\t\t\t\t\t\t\t<p style=\"text-align: justify;\">\u0412\u0435\u0440\u0445\u043d\u0438\u0439 \u044d\u0442\u0430\u0436 \u043d\u0430\u0448\u0435\u0433\u043e \u0437\u0434\u0430\u043d\u0438\u044f \u0441\u0435\u0439\u0447\u0430\u0441 \u0441\u0442\u0430\u043d\u043e\u0432\u0438\u0442\u0441\u044f \u043c\u0435\u0441\u0442\u043e\u043c \u043d\u043e\u0432\u043e\u0433\u043e \u043f\u0440\u043e\u0435\u043a\u0442\u0430. \u0418\u0437 \u0431\u044b\u0432\u0448\u0435\u0433\u043e \u0431\u0430\u0440\u0430 \u0448\u0430\u0433 \u0437\u0430 \u0448\u0430\u0433\u043e\u043c \u0441\u043e\u0437\u0434\u0430\u0451\u0442\u0441\u044f \u0445\u0440\u0438\u0441\u0442\u0438\u0430\u043d\u0441\u043a\u043e\u0435 \u043a\u0430\u0444\u0435 \u0438 \u043f\u0440\u043e\u0441\u0442\u0440\u0430\u043d\u0441\u0442\u0432\u043e \u0434\u043b\u044f \u0432\u0441\u0442\u0440\u0435\u0447.\n\u041f\u043e\u043a\u0430 \u0432\u0441\u0451 \u043d\u0430\u0445\u043e\u0434\u0438\u0442\u0441\u044f \u043d\u0430 \u0441\u0442\u0430\u0434\u0438\u0438 \u043f\u043b\u0430\u043d\u0438\u0440\u043e\u0432\u0430\u043d\u0438\u044f \u0438 \u043f\u043e\u0434\u0433\u043e\u0442\u043e\u0432\u043a\u0438, \u043d\u043e \u0443\u0436\u0435 \u0432\u0435\u0441\u043d\u043e\u0439, \u0430 \u0441\u0430\u043c\u043e\u0435 \u043f\u043e\u0437\u0434\u043d\u0435\u0435 \u043b\u0435\u0442\u043e\u043c, \u043c\u044b \u0445\u043e\u0442\u0438\u043c \u043d\u0430\u0447\u0430\u0442\u044c \u043a\u043e\u043d\u043a\u0440\u0435\u0442\u043d\u044b\u0435 \u0440\u0430\u0431\u043e\u0442\u044b \u043f\u043e \u0440\u0435\u043c\u043e\u043d\u0442\u0443 \u0438 \u043e\u0431\u043d\u043e\u0432\u043b\u0435\u043d\u0438\u044e \u043f\u043e\u043c\u0435\u0449\u0435\u043d\u0438\u0439.<\/p><p>\u041d\u0430\u0448\u0430 \u0446\u0435\u043b\u044c \u0441\u043e\u0441\u0442\u043e\u0438\u0442 \u0432 \u0442\u043e\u043c, \u0447\u0442\u043e\u0431\u044b \u0441\u043e\u0437\u0434\u0430\u0442\u044c \u043e\u0442\u043a\u0440\u044b\u0442\u043e\u0435 \u043c\u0435\u0441\u0442\u043e, \u0433\u0434\u0435 \u043b\u044e\u0434\u0438 \u0431\u0443\u0434\u0443\u0442 \u0447\u0443\u0432\u0441\u0442\u0432\u043e\u0432\u0430\u0442\u044c \u0441\u0435\u0431\u044f \u0436\u0435\u043b\u0430\u043d\u043d\u044b\u043c\u0438, \u0441\u043c\u043e\u0433\u0443\u0442 \u043f\u0435\u0440\u0435\u0436\u0438\u0432\u0430\u0442\u044c \u043e\u0431\u0449\u0435\u043d\u0438\u0435 \u0438 \u043e\u0442\u043a\u0440\u044b\u0432\u0430\u0442\u044c \u0434\u043b\u044f \u0441\u0435\u0431\u044f \u0432\u0435\u0440\u0443.\n\u041f\u043b\u0430\u043d\u0438\u0440\u0443\u0435\u0442\u0441\u044f \u043a\u0430\u0444\u0435 \u0441 \u0443\u044e\u0442\u043d\u043e\u0439 \u0430\u0442\u043c\u043e\u0441\u0444\u0435\u0440\u043e\u0439, \u043f\u0440\u043e\u0441\u0442\u0440\u0430\u043d\u0441\u0442\u0432\u043e \u0434\u043b\u044f \u0440\u0430\u0437\u0433\u043e\u0432\u043e\u0440\u043e\u0432 \u043e \u0411\u043e\u0433\u0435 \u0438 \u0436\u0438\u0437\u043d\u0438, \u0430 \u0442\u0430\u043a\u0436\u0435 \u0432 \u0431\u0443\u0434\u0443\u0449\u0435\u043c \u0432\u043e\u0437\u043c\u043e\u0436\u043d\u043e\u0441\u0442\u0438 \u0434\u043b\u044f \u043e\u0442\u0434\u044b\u0445\u0430 \u0438 \u0432\u0441\u0442\u0440\u0435\u0447, \u043d\u0430\u043f\u0440\u0438\u043c\u0435\u0440 \u0447\u0435\u0440\u0435\u0437 \u0431\u0438\u043b\u044c\u044f\u0440\u0434, \u043d\u0430\u0441\u0442\u043e\u043b\u044c\u043d\u044b\u0439 \u0444\u0443\u0442\u0431\u043e\u043b \u0438 \u0441\u043e\u0432\u043c\u0435\u0441\u0442\u043d\u044b\u0435 \u0432\u0435\u0447\u0435\u0440\u0430.\n\u042d\u0442\u0438 \u043f\u043e\u043c\u0435\u0449\u0435\u043d\u0438\u044f \u0442\u0430\u043a\u0436\u0435 \u0431\u0443\u0434\u0443\u0442 \u0438\u0441\u043f\u043e\u043b\u044c\u0437\u043e\u0432\u0430\u0442\u044c\u0441\u044f \u0434\u043b\u044f \u0434\u043e\u043c\u0430\u0448\u043d\u0438\u0445 \u0433\u0440\u0443\u043f\u043f, \u0445\u0440\u0438\u0441\u0442\u0438\u0430\u043d\u0441\u043a\u0438\u0445 \u043c\u0435\u0440\u043e\u043f\u0440\u0438\u044f\u0442\u0438\u0439, \u043c\u043e\u043b\u0438\u0442\u0432\u0435\u043d\u043d\u044b\u0445 \u0432\u0441\u0442\u0440\u0435\u0447 \u0438 \u0442\u0435\u043c\u0430\u0442\u0438\u0447\u0435\u0441\u043a\u0438\u0445 \u0441\u043e\u0431\u0440\u0430\u043d\u0438\u0439.<\/p><p>\u0414\u043b\u044f \u044d\u0442\u043e\u0433\u043e \u043f\u0440\u043e\u0435\u043a\u0442\u0430 \u043d\u0430\u043c, \u043a\u043e\u043d\u0435\u0447\u043d\u043e, \u0442\u0430\u043a\u0436\u0435 \u043d\u0443\u0436\u043d\u0430 \u043f\u043e\u043c\u043e\u0449\u044c.\n\u041a\u0442\u043e \u0445\u043e\u0447\u0435\u0442 \u043f\u043e\u0443\u0447\u0430\u0441\u0442\u0432\u043e\u0432\u0430\u0442\u044c \u0438 \u043f\u043e\u043c\u043e\u0447\u044c, \u0441\u0435\u0440\u0434\u0435\u0447\u043d\u043e \u043f\u0440\u0438\u0433\u043b\u0430\u0448\u0430\u0435\u0442\u0441\u044f.\n\u0421\u043e\u0432\u043c\u0435\u0441\u0442\u043d\u0430\u044f \u0440\u0430\u0431\u043e\u0442\u0430 \u0447\u0430\u0441\u0442\u043e \u044f\u0432\u043b\u044f\u0435\u0442\u0441\u044f \u043b\u0443\u0447\u0448\u0438\u043c \u0441\u043f\u043e\u0441\u043e\u0431\u043e\u043c \u043f\u043e\u0437\u043d\u0430\u043a\u043e\u043c\u0438\u0442\u044c\u0441\u044f, \u043f\u043e\u0447\u0443\u0432\u0441\u0442\u0432\u043e\u0432\u0430\u0442\u044c \u043d\u0430\u0441\u0442\u043e\u044f\u0449\u0443\u044e \u043e\u0431\u0449\u043d\u043e\u0441\u0442\u044c \u0438 \u0441 \u0441\u0430\u043c\u043e\u0433\u043e \u043d\u0430\u0447\u0430\u043b\u0430 \u0441\u0442\u0430\u0442\u044c \u0447\u0430\u0441\u0442\u044c\u044e \u0447\u0435\u0433\u043e-\u0442\u043e \u0434\u043e\u0431\u0440\u043e\u0433\u043e.\n\u041c\u044b \u0440\u0430\u0434\u044b \u043a\u0430\u0436\u0434\u043e\u043c\u0443, \u043a\u0442\u043e \u043f\u0440\u0438\u0441\u043e\u0435\u0434\u0438\u043d\u0438\u0442\u0441\u044f.<\/p>\t\t\t\t\t\t\t\t<\/div>\n\t\t\t\t<\/div>\n\t\t\t\t<\/div>\n\t\t\t\t<\/div>\n\t\t\t\t\t<\/div>\n\t\t\t\t<\/div>\n\t\t<div class=\"elementor-element elementor-element-gwwusij e-flex e-con-boxed e-con e-parent\" data-id=\"gwwusij\" data-element_type=\"container\" data-e-type=\"container\" data-settings=\"{&quot;background_background&quot;:&quot;classic&quot;}\">\n\t\t\t\t\t<div class=\"e-con-inner\">\n\t\t<div class=\"elementor-element elementor-element-94092f7 e-con-full e-flex e-con e-child\" data-id=\"94092f7\" data-element_type=\"container\" data-e-type=\"container\">\n\t\t\t\t<div class=\"elementor-element elementor-element-0910031 elementor-widget elementor-widget-image\" data-id=\"0910031\" data-element_type=\"widget\" data-e-type=\"widget\" data-widget_type=\"image.default\">\n\t\t\t\t\t\t\t\t\t\t\t\t\t\t\t<img fetchpriority=\"high\" decoding=\"async\" width=\"600\" height=\"600\" src=\"https:\/\/cg-telgte.de\/wp-content\/uploads\/2026\/02\/IMG-20251101-WA0048-600x600.jpg\" class=\"attachment-ocean-thumb-m size-ocean-thumb-m wp-image-779\" alt=\"\" srcset=\"https:\/\/cg-telgte.de\/wp-content\/uploads\/2026\/02\/IMG-20251101-WA0048-600x600.jpg 600w, https:\/\/cg-telgte.de\/wp-content\/uploads\/2026\/02\/IMG-20251101-WA0048-150x150.jpg 150w\" sizes=\"(max-width: 600px) 100vw, 600px\" \/>\t\t\t\t\t\t\t\t\t\t\t\t\t\t\t<\/div>\n\t\t\t\t<div class=\"elementor-element elementor-element-7f86a88 elementor-widget elementor-widget-heading\" data-id=\"7f86a88\" data-element_type=\"widget\" data-e-type=\"widget\" data-widget_type=\"heading.default\">\n\t\t\t\t\t<h4 class=\"elementor-heading-title elementor-size-default\">\u00ab\u0418\u0431\u043e \u043c\u044b \u0441\u043e\u0440\u0430\u0431\u043e\u0442\u043d\u0438\u043a\u0438 \u0443 \u0411\u043e\u0433\u0430, \u0430 \u0432\u044b \u0411\u043e\u0436\u044c\u044f \u043d\u0438\u0432\u0430, \u0411\u043e\u0436\u044c\u0435 \u0441\u0442\u0440\u043e\u0435\u043d\u0438\u0435\u00bb  <br>\n<span style=\"font-size:0.7em\">1 \u041a\u043e\u0440\u0438\u043d\u0444\u044f\u043d\u0430\u043c 3:9<\/span><\/h4>\t\t\t\t<\/div>\n\t\t\t\t<\/div>\n\t\t<div class=\"elementor-element elementor-element-0bd015f e-con-full e-flex e-con e-child\" data-id=\"0bd015f\" data-element_type=\"container\" data-e-type=\"container\">\n\t\t\t\t<div class=\"elementor-element elementor-element-ad68233 elementor-shape-rounded elementor-grid-0 e-grid-align-center elementor-widget elementor-widget-social-icons\" data-id=\"ad68233\" data-element_type=\"widget\" data-e-type=\"widget\" data-widget_type=\"social-icons.default\">\n\t\t\t\t\t\t\t<div class=\"elementor-social-icons-wrapper elementor-grid\" role=\"list\">\n\t\t\t\t\t\t\t<span class=\"elementor-grid-item\" role=\"listitem\">\n\t\t\t\t\t<a class=\"elementor-icon elementor-social-icon elementor-social-icon-whatsapp elementor-repeater-item-9b6625b\" href=\"https:\/\/whatsapp.com\/channel\/0029VbCAojv0lwgj6Jkz0v2u\" target=\"_blank\">\n\t\t\t\t\t\t<span class=\"elementor-screen-only\">Whatsapp<\/span>\n\t\t\t\t\t\t<svg aria-hidden=\"true\" class=\"e-font-icon-svg e-fab-whatsapp\" viewbox=\"0 0 448 512\" xmlns=\"http:\/\/www.w3.org\/2000\/svg\"><path d=\"M380.9 97.1C339 55.1 283.2 32 223.9 32c-122.4 0-222 99.6-222 222 0 39.1 10.2 77.3 29.6 111L0 480l117.7-30.9c32.4 17.7 68.9 27 106.1 27h.1c122.3 0 224.1-99.6 224.1-222 0-59.3-25.2-115-67.1-157zm-157 341.6c-33.2 0-65.7-8.9-94-25.7l-6.7-4-69.8 18.3L72 359.2l-4.4-7c-18.5-29.4-28.2-63.3-28.2-98.2 0-101.7 82.8-184.5 184.6-184.5 49.3 0 95.6 19.2 130.4 54.1 34.8 34.9 56.2 81.2 56.1 130.5 0 101.8-84.9 184.6-186.6 184.6zm101.2-138.2c-5.5-2.8-32.8-16.2-37.9-18-5.1-1.9-8.8-2.8-12.5 2.8-3.7 5.6-14.3 18-17.6 21.8-3.2 3.7-6.5 4.2-12 1.4-32.6-16.3-54-29.1-75.5-66-5.7-9.8 5.7-9.1 16.3-30.3 1.8-3.7.9-6.9-.5-9.7-1.4-2.8-12.5-30.1-17.1-41.2-4.5-10.8-9.1-9.3-12.5-9.5-3.2-.2-6.9-.2-10.6-.2-3.7 0-9.7 1.4-14.8 6.9-5.1 5.6-19.4 19-19.4 46.3 0 27.3 19.9 53.7 22.6 57.4 2.8 3.7 39.1 59.7 94.8 83.8 35.2 15.2 49 16.5 66.6 13.9 10.7-1.6 32.8-13.4 37.4-26.4 4.6-13 4.6-24.1 3.2-26.4-1.3-2.5-5-3.9-10.5-6.6z\"><\/path><\/svg>\t\t\t\t\t<\/a>\n\t\t\t\t<\/span>\n\t\t\t\t\t\t\t<span class=\"elementor-grid-item\" role=\"listitem\">\n\t\t\t\t\t<a class=\"elementor-icon elementor-social-icon elementor-social-icon-instagram elementor-repeater-item-24f56fd\" href=\"https:\/\/www.instagram.com\/gemeinde.telgte\/\" target=\"_blank\">\n\t\t\t\t\t\t<span class=\"elementor-screen-only\">Instagram<\/span>\n\t\t\t\t\t\t<svg aria-hidden=\"true\" class=\"e-font-icon-svg e-fab-instagram\" viewbox=\"0 0 448 512\" xmlns=\"http:\/\/www.w3.org\/2000\/svg\"><path d=\"M224.1 141c-63.6 0-114.9 51.3-114.9 114.9s51.3 114.9 114.9 114.9S339 319.5 339 255.9 287.7 141 224.1 141zm0 189.6c-41.1 0-74.7-33.5-74.7-74.7s33.5-74.7 74.7-74.7 74.7 33.5 74.7 74.7-33.6 74.7-74.7 74.7zm146.4-194.3c0 14.9-12 26.8-26.8 26.8-14.9 0-26.8-12-26.8-26.8s12-26.8 26.8-26.8 26.8 12 26.8 26.8zm76.1 27.2c-1.7-35.9-9.9-67.7-36.2-93.9-26.2-26.2-58-34.4-93.9-36.2-37-2.1-147.9-2.1-184.9 0-35.8 1.7-67.6 9.9-93.9 36.1s-34.4 58-36.2 93.9c-2.1 37-2.1 147.9 0 184.9 1.7 35.9 9.9 67.7 36.2 93.9s58 34.4 93.9 36.2c37 2.1 147.9 2.1 184.9 0 35.9-1.7 67.7-9.9 93.9-36.2 26.2-26.2 34.4-58 36.2-93.9 2.1-37 2.1-147.8 0-184.8zM398.8 388c-7.8 19.6-22.9 34.7-42.6 42.6-29.5 11.7-99.5 9-132.1 9s-102.7 2.6-132.1-9c-19.6-7.8-34.7-22.9-42.6-42.6-11.7-29.5-9-99.5-9-132.1s-2.6-102.7 9-132.1c7.8-19.6 22.9-34.7 42.6-42.6 29.5-11.7 99.5-9 132.1-9s102.7-2.6 132.1 9c19.6 7.8 34.7 22.9 42.6 42.6 11.7 29.5 9 99.5 9 132.1s2.7 102.7-9 132.1z\"><\/path><\/svg>\t\t\t\t\t<\/a>\n\t\t\t\t<\/span>\n\t\t\t\t\t<\/div>\n\t\t\t\t\t\t<\/div>\n\t\t\t\t<\/div>\n\t\t\t\t\t<\/div>\n\t\t\t\t<\/div>\n\t\t<div class=\"elementor-element elementor-element-a17a290 e-flex e-con-boxed e-con e-parent\" data-id=\"a17a290\" data-element_type=\"container\" data-e-type=\"container\">\n\t\t\t\t\t<div class=\"e-con-inner\">\n\t\t\t\t\t<\/div>\n\t\t\t\t<\/div>\n\t\t\t\t<\/div>","protected":false},"excerpt":{"rendered":"<p>unsere projekte projekt: christliches caf\u00e9 Im Obergeschoss unseres Geb\u00e4udes entsteht derzeit ein neues Projekt: Aus einer ehemaligen Kneipe wird Schritt f\u00fcr Schritt ein christliches Caf\u00e9 und Begegnungsraum. Noch befindet sich [&hellip;]<\/p>\n","protected":false},"author":1,"featured_media":0,"parent":0,"menu_order":0,"comment_status":"closed","ping_status":"closed","template":"","meta":{"inline_featured_image":false,"ocean_post_layout":"full-screen","ocean_both_sidebars_style":"","ocean_both_sidebars_content_width":0,"ocean_both_sidebars_sidebars_width":0,"ocean_sidebar":"","ocean_second_sidebar":"","ocean_disable_margins":"enable","ocean_add_body_class":"","ocean_shortcode_before_top_bar":"","ocean_shortcode_after_top_bar":"","ocean_shortcode_before_header":"","ocean_shortcode_after_header":"","ocean_has_shortcode":"","ocean_shortcode_after_title":"","ocean_shortcode_before_footer_widgets":"","ocean_shortcode_after_footer_widgets":"","ocean_shortcode_before_footer_bottom":"","ocean_shortcode_after_footer_bottom":"","ocean_display_top_bar":"off","ocean_display_header":"on","ocean_header_style":"","ocean_center_header_left_menu":"","ocean_custom_header_template":"","ocean_custom_logo":0,"ocean_custom_retina_logo":0,"ocean_custom_logo_max_width":0,"ocean_custom_logo_tablet_max_width":0,"ocean_custom_logo_mobile_max_width":0,"ocean_custom_logo_max_height":0,"ocean_custom_logo_tablet_max_height":0,"ocean_custom_logo_mobile_max_height":0,"ocean_header_custom_menu":"","ocean_menu_typo_font_family":"","ocean_menu_typo_font_subset":"","ocean_menu_typo_font_size":0,"ocean_menu_typo_font_size_tablet":0,"ocean_menu_typo_font_size_mobile":0,"ocean_menu_typo_font_size_unit":"px","ocean_menu_typo_font_weight":"","ocean_menu_typo_font_weight_tablet":"","ocean_menu_typo_font_weight_mobile":"","ocean_menu_typo_transform":"","ocean_menu_typo_transform_tablet":"","ocean_menu_typo_transform_mobile":"","ocean_menu_typo_line_height":0,"ocean_menu_typo_line_height_tablet":0,"ocean_menu_typo_line_height_mobile":0,"ocean_menu_typo_line_height_unit":"","ocean_menu_typo_spacing":0,"ocean_menu_typo_spacing_tablet":0,"ocean_menu_typo_spacing_mobile":0,"ocean_menu_typo_spacing_unit":"","ocean_menu_link_color":"","ocean_menu_link_color_hover":"","ocean_menu_link_color_active":"","ocean_menu_link_background":"","ocean_menu_link_hover_background":"","ocean_menu_link_active_background":"","ocean_menu_social_links_bg":"","ocean_menu_social_hover_links_bg":"","ocean_menu_social_links_color":"","ocean_menu_social_hover_links_color":"","ocean_disable_title":"on","ocean_disable_heading":"default","ocean_post_title":"","ocean_post_subheading":"","ocean_post_title_style":"","ocean_post_title_background_color":"","ocean_post_title_background":0,"ocean_post_title_bg_image_position":"","ocean_post_title_bg_image_attachment":"","ocean_post_title_bg_image_repeat":"","ocean_post_title_bg_image_size":"","ocean_post_title_height":0,"ocean_post_title_bg_overlay":0.5,"ocean_post_title_bg_overlay_color":"","ocean_disable_breadcrumbs":"default","ocean_breadcrumbs_color":"","ocean_breadcrumbs_separator_color":"","ocean_breadcrumbs_links_color":"","ocean_breadcrumbs_links_hover_color":"","ocean_display_footer_widgets":"off","ocean_display_footer_bottom":"on","ocean_custom_footer_template":"","footnotes":""},"class_list":["post-583","page","type-page","status-publish","hentry","entry"],"yoast_head":"<!-- This site is optimized with the Yoast SEO plugin v27.3 - https:\/\/yoast.com\/product\/yoast-seo-wordpress\/ -->\n<title>Unsere Projekte - cg-telgte.de<\/title>\n<meta name=\"robots\" content=\"index, follow, max-snippet:-1, max-image-preview:large, max-video-preview:-1\" \/>\n<link rel=\"canonical\" href=\"https:\/\/cg-telgte.de\/ru\/unsere-projekte\/\" \/>\n<meta property=\"og:locale\" content=\"ru_RU\" \/>\n<meta property=\"og:type\" content=\"article\" \/>\n<meta property=\"og:title\" content=\"Unsere Projekte - cg-telgte.de\" \/>\n<meta property=\"og:description\" content=\"unsere projekte projekt: christliches caf\u00e9 Im Obergeschoss unseres Geb\u00e4udes entsteht derzeit ein neues Projekt: Aus einer ehemaligen Kneipe wird Schritt f\u00fcr Schritt ein christliches Caf\u00e9 und Begegnungsraum. Noch befindet sich [&hellip;]\" \/>\n<meta property=\"og:url\" content=\"https:\/\/cg-telgte.de\/ru\/unsere-projekte\/\" \/>\n<meta property=\"og:site_name\" content=\"cg-telgte.de\" \/>\n<meta property=\"article:modified_time\" content=\"2026-03-14T16:00:51+00:00\" \/>\n<meta property=\"og:image\" content=\"https:\/\/cg-telgte.de\/wp-content\/uploads\/2026\/02\/IMG-20251101-WA0048.jpg\" \/>\n\t<meta property=\"og:image:width\" content=\"1200\" \/>\n\t<meta property=\"og:image:height\" content=\"1119\" \/>\n\t<meta property=\"og:image:type\" content=\"image\/jpeg\" \/>\n<meta name=\"twitter:card\" content=\"summary_large_image\" \/>\n<meta name=\"twitter:label1\" content=\"\u041f\u0440\u0438\u043c\u0435\u0440\u043d\u043e\u0435 \u0432\u0440\u0435\u043c\u044f \u0434\u043b\u044f \u0447\u0442\u0435\u043d\u0438\u044f\" \/>\n\t<meta name=\"twitter:data1\" content=\"1 \u043c\u0438\u043d\u0443\u0442\u0430\" \/>\n<script type=\"application\/ld+json\" class=\"yoast-schema-graph\">{\"@context\":\"https:\\\/\\\/schema.org\",\"@graph\":[{\"@type\":\"WebPage\",\"@id\":\"https:\\\/\\\/cg-telgte.de\\\/unsere-projekte\\\/\",\"url\":\"https:\\\/\\\/cg-telgte.de\\\/unsere-projekte\\\/\",\"name\":\"Unsere Projekte - cg-telgte.de\",\"isPartOf\":{\"@id\":\"https:\\\/\\\/cg-telgte.de\\\/#website\"},\"primaryImageOfPage\":{\"@id\":\"https:\\\/\\\/cg-telgte.de\\\/unsere-projekte\\\/#primaryimage\"},\"image\":{\"@id\":\"https:\\\/\\\/cg-telgte.de\\\/unsere-projekte\\\/#primaryimage\"},\"thumbnailUrl\":\"https:\\\/\\\/cg-telgte.de\\\/wp-content\\\/uploads\\\/2026\\\/02\\\/IMG-20251101-WA0048-600x600.jpg\",\"datePublished\":\"2026-02-24T11:30:35+00:00\",\"dateModified\":\"2026-03-14T16:00:51+00:00\",\"breadcrumb\":{\"@id\":\"https:\\\/\\\/cg-telgte.de\\\/unsere-projekte\\\/#breadcrumb\"},\"inLanguage\":\"ru-RU\",\"potentialAction\":[{\"@type\":\"ReadAction\",\"target\":[\"https:\\\/\\\/cg-telgte.de\\\/unsere-projekte\\\/\"]}]},{\"@type\":\"ImageObject\",\"inLanguage\":\"ru-RU\",\"@id\":\"https:\\\/\\\/cg-telgte.de\\\/unsere-projekte\\\/#primaryimage\",\"url\":\"https:\\\/\\\/cg-telgte.de\\\/wp-content\\\/uploads\\\/2026\\\/02\\\/IMG-20251101-WA0048-600x600.jpg\",\"contentUrl\":\"https:\\\/\\\/cg-telgte.de\\\/wp-content\\\/uploads\\\/2026\\\/02\\\/IMG-20251101-WA0048-600x600.jpg\"},{\"@type\":\"BreadcrumbList\",\"@id\":\"https:\\\/\\\/cg-telgte.de\\\/unsere-projekte\\\/#breadcrumb\",\"itemListElement\":[{\"@type\":\"ListItem\",\"position\":1,\"name\":\"Start\",\"item\":\"https:\\\/\\\/cg-telgte.de\\\/\"},{\"@type\":\"ListItem\",\"position\":2,\"name\":\"Unsere Projekte\"}]},{\"@type\":\"WebSite\",\"@id\":\"https:\\\/\\\/cg-telgte.de\\\/#website\",\"url\":\"https:\\\/\\\/cg-telgte.de\\\/\",\"name\":\"cg-telgte.de\",\"description\":\"Christliche Gemeinde Telgte\",\"publisher\":{\"@id\":\"https:\\\/\\\/cg-telgte.de\\\/#organization\"},\"potentialAction\":[{\"@type\":\"SearchAction\",\"target\":{\"@type\":\"EntryPoint\",\"urlTemplate\":\"https:\\\/\\\/cg-telgte.de\\\/?s={search_term_string}\"},\"query-input\":{\"@type\":\"PropertyValueSpecification\",\"valueRequired\":true,\"valueName\":\"search_term_string\"}}],\"inLanguage\":\"ru-RU\"},{\"@type\":\"Organization\",\"@id\":\"https:\\\/\\\/cg-telgte.de\\\/#organization\",\"name\":\"cg-telgte.de\",\"url\":\"https:\\\/\\\/cg-telgte.de\\\/\",\"logo\":{\"@type\":\"ImageObject\",\"inLanguage\":\"ru-RU\",\"@id\":\"https:\\\/\\\/cg-telgte.de\\\/#\\\/schema\\\/logo\\\/image\\\/\",\"url\":\"https:\\\/\\\/cg-telgte.de\\\/wp-content\\\/uploads\\\/2026\\\/02\\\/cropped-Kein-Titel-1200-x-675-px_20260228_010306_0000.png\",\"contentUrl\":\"https:\\\/\\\/cg-telgte.de\\\/wp-content\\\/uploads\\\/2026\\\/02\\\/cropped-Kein-Titel-1200-x-675-px_20260228_010306_0000.png\",\"width\":423,\"height\":280,\"caption\":\"cg-telgte.de\"},\"image\":{\"@id\":\"https:\\\/\\\/cg-telgte.de\\\/#\\\/schema\\\/logo\\\/image\\\/\"}}]}<\/script>\n<!-- \/ Yoast SEO plugin. -->","yoast_head_json":{"title":"Unsere Projekte - cg-telgte.de","robots":{"index":"index","follow":"follow","max-snippet":"max-snippet:-1","max-image-preview":"max-image-preview:large","max-video-preview":"max-video-preview:-1"},"canonical":"https:\/\/cg-telgte.de\/ru\/unsere-projekte\/","og_locale":"ru_RU","og_type":"article","og_title":"Unsere Projekte - cg-telgte.de","og_description":"unsere projekte projekt: christliches caf\u00e9 Im Obergeschoss unseres Geb\u00e4udes entsteht derzeit ein neues Projekt: Aus einer ehemaligen Kneipe wird Schritt f\u00fcr Schritt ein christliches Caf\u00e9 und Begegnungsraum. Noch befindet sich [&hellip;]","og_url":"https:\/\/cg-telgte.de\/ru\/unsere-projekte\/","og_site_name":"cg-telgte.de","article_modified_time":"2026-03-14T16:00:51+00:00","og_image":[{"width":1200,"height":1119,"url":"https:\/\/cg-telgte.de\/wp-content\/uploads\/2026\/02\/IMG-20251101-WA0048.jpg","type":"image\/jpeg"}],"twitter_card":"summary_large_image","twitter_misc":{"\u041f\u0440\u0438\u043c\u0435\u0440\u043d\u043e\u0435 \u0432\u0440\u0435\u043c\u044f \u0434\u043b\u044f \u0447\u0442\u0435\u043d\u0438\u044f":"1 \u043c\u0438\u043d\u0443\u0442\u0430"},"schema":{"@context":"https:\/\/schema.org","@graph":[{"@type":"WebPage","@id":"https:\/\/cg-telgte.de\/unsere-projekte\/","url":"https:\/\/cg-telgte.de\/unsere-projekte\/","name":"Unsere Projekte - cg-telgte.de","isPartOf":{"@id":"https:\/\/cg-telgte.de\/#website"},"primaryImageOfPage":{"@id":"https:\/\/cg-telgte.de\/unsere-projekte\/#primaryimage"},"image":{"@id":"https:\/\/cg-telgte.de\/unsere-projekte\/#primaryimage"},"thumbnailUrl":"https:\/\/cg-telgte.de\/wp-content\/uploads\/2026\/02\/IMG-20251101-WA0048-600x600.jpg","datePublished":"2026-02-24T11:30:35+00:00","dateModified":"2026-03-14T16:00:51+00:00","breadcrumb":{"@id":"https:\/\/cg-telgte.de\/unsere-projekte\/#breadcrumb"},"inLanguage":"ru-RU","potentialAction":[{"@type":"ReadAction","target":["https:\/\/cg-telgte.de\/unsere-projekte\/"]}]},{"@type":"ImageObject","inLanguage":"ru-RU","@id":"https:\/\/cg-telgte.de\/unsere-projekte\/#primaryimage","url":"https:\/\/cg-telgte.de\/wp-content\/uploads\/2026\/02\/IMG-20251101-WA0048-600x600.jpg","contentUrl":"https:\/\/cg-telgte.de\/wp-content\/uploads\/2026\/02\/IMG-20251101-WA0048-600x600.jpg"},{"@type":"BreadcrumbList","@id":"https:\/\/cg-telgte.de\/unsere-projekte\/#breadcrumb","itemListElement":[{"@type":"ListItem","position":1,"name":"Start","item":"https:\/\/cg-telgte.de\/"},{"@type":"ListItem","position":2,"name":"Unsere Projekte"}]},{"@type":"WebSite","@id":"https:\/\/cg-telgte.de\/#website","url":"https:\/\/cg-telgte.de\/","name":"cg-telgte.de","description":"\u0425\u0440\u0438\u0441\u0442\u0438\u0430\u043d\u0441\u043a\u0430\u044f \u043e\u0431\u0449\u0438\u043d\u0430 \u0422\u0435\u043b\u044c\u0433\u0442\u0435","publisher":{"@id":"https:\/\/cg-telgte.de\/#organization"},"potentialAction":[{"@type":"SearchAction","target":{"@type":"EntryPoint","urlTemplate":"https:\/\/cg-telgte.de\/?s={search_term_string}"},"query-input":{"@type":"PropertyValueSpecification","valueRequired":true,"valueName":"search_term_string"}}],"inLanguage":"ru-RU"},{"@type":"Organization","@id":"https:\/\/cg-telgte.de\/#organization","name":"cg-telgte.de","url":"https:\/\/cg-telgte.de\/","logo":{"@type":"ImageObject","inLanguage":"ru-RU","@id":"https:\/\/cg-telgte.de\/#\/schema\/logo\/image\/","url":"https:\/\/cg-telgte.de\/wp-content\/uploads\/2026\/02\/cropped-Kein-Titel-1200-x-675-px_20260228_010306_0000.png","contentUrl":"https:\/\/cg-telgte.de\/wp-content\/uploads\/2026\/02\/cropped-Kein-Titel-1200-x-675-px_20260228_010306_0000.png","width":423,"height":280,"caption":"cg-telgte.de"},"image":{"@id":"https:\/\/cg-telgte.de\/#\/schema\/logo\/image\/"}}]}},"_hostinger_reach_plugin_has_subscription_block":false,"_hostinger_reach_plugin_is_elementor":false,"_links":{"self":[{"href":"https:\/\/cg-telgte.de\/ru\/wp-json\/wp\/v2\/pages\/583","targetHints":{"allow":["GET"]}}],"collection":[{"href":"https:\/\/cg-telgte.de\/ru\/wp-json\/wp\/v2\/pages"}],"about":[{"href":"https:\/\/cg-telgte.de\/ru\/wp-json\/wp\/v2\/types\/page"}],"author":[{"embeddable":true,"href":"https:\/\/cg-telgte.de\/ru\/wp-json\/wp\/v2\/users\/1"}],"replies":[{"embeddable":true,"href":"https:\/\/cg-telgte.de\/ru\/wp-json\/wp\/v2\/comments?post=583"}],"version-history":[{"count":46,"href":"https:\/\/cg-telgte.de\/ru\/wp-json\/wp\/v2\/pages\/583\/revisions"}],"predecessor-version":[{"id":986,"href":"https:\/\/cg-telgte.de\/ru\/wp-json\/wp\/v2\/pages\/583\/revisions\/986"}],"wp:attachment":[{"href":"https:\/\/cg-telgte.de\/ru\/wp-json\/wp\/v2\/media?parent=583"}],"curies":[{"name":"wp","href":"https:\/\/api.w.org\/{rel}","templated":true}]}}