{"id":3,"date":"2026-02-10T11:56:40","date_gmt":"2026-02-10T11:56:40","guid":{"rendered":"http:\/\/cg-telgte.de\/?page_id=3"},"modified":"2026-03-05T19:55:34","modified_gmt":"2026-03-05T19:55:34","slug":"privacy-policy","status":"publish","type":"page","link":"https:\/\/cg-telgte.de\/ru\/privacy-policy\/","title":{"rendered":"\u043f\u043e\u043b\u0438\u0442\u0438\u043a\u0435 \u043a\u043e\u043d\u0444\u0438\u0434\u0435\u043d\u0446\u0438\u0430\u043b\u044c\u043d\u043e\u0441\u0442\u0438"},"content":{"rendered":"<h2 class=\"wp-block-heading\">1. Verantwortlicher<\/h2>\n\n\n\n<p>Verantwortlich f\u00fcr die Datenverarbeitung auf dieser Website ist:<br>\u0425\u0440\u0438\u0441\u0442\u0438\u0430\u043d\u0441\u043a\u0430\u044f \u043e\u0431\u0449\u0438\u043d\u0430 \u0422\u0435\u043b\u044c\u0433\u0442\u0435<br>Website: https:\/\/cg-telgte.de\u2060<br>Bei Fragen zum Datenschutz k\u00f6nnen Sie sich jederzeit \u00fcber die auf dieser Website angegebenen Kontaktm\u00f6glichkeiten an uns wenden.<\/p>\n\n\n\n<h2 class=\"wp-block-heading\">2. Allgemeine Hinweise zur Datenverarbeitung<\/h2>\n\n\n\n<p>Der Schutz Ihrer pers\u00f6nlichen Daten ist uns wichtig. Wir behandeln Ihre personenbezogenen Daten vertraulich und entsprechend der gesetzlichen Datenschutzvorschriften sowie dieser Datenschutzerkl\u00e4rung.<br>Wenn Sie diese Website besuchen, werden verschiedene personenbezogene Daten erhoben. Personenbezogene Daten sind Daten, mit denen Sie pers\u00f6nlich identifiziert werden k\u00f6nnen.<\/p>\n\n\n\n<h2 class=\"wp-block-heading\">3. Server-Logfiles<\/h2>\n\n\n\n<p>Der Provider dieser Website erhebt und speichert automatisch Informationen in sogenannten Server-Logfiles, die Ihr Browser automatisch \u00fcbermittelt. Dies sind beispielsweise:<br>Browsertyp und Browserversion<br>verwendetes Betriebssystem<br>Referrer-URL<br>Hostname des zugreifenden Rechners<br>Uhrzeit der Serveranfrage<br>IP-Adresse<br>Diese Daten werden nicht mit anderen Datenquellen zusammengef\u00fchrt.<\/p>\n\n\n\n<h2 class=\"wp-block-heading\">4. Kontaktformular<\/h2>\n\n\n\n<p>Wenn Sie uns \u00fcber das Kontaktformular Anfragen senden, werden Ihre Angaben aus dem Formular inklusive der dort angegebenen Kontaktdaten zum Zweck der Bearbeitung Ihrer Anfrage und f\u00fcr den Fall von Anschlussfragen bei uns gespeichert.<br>Diese Daten geben wir nicht ohne Ihre Einwilligung weiter.<\/p>\n\n\n\n<h2 class=\"wp-block-heading\">5. Cookies<\/h2>\n\n\n\n<p>Unsere Website kann sogenannte Cookies verwenden. Cookies sind kleine Textdateien, die auf Ihrem Endger\u00e4t gespeichert werden und keinen Schaden anrichten.<br>Ein Teil der Cookies wird automatisch gel\u00f6scht, sobald Sie Ihren Browser schlie\u00dfen. Andere Cookies bleiben auf Ihrem Endger\u00e4t gespeichert, bis Sie diese l\u00f6schen.<br>Sie k\u00f6nnen Ihren Browser so einstellen, dass Sie \u00fcber das Setzen von Cookies informiert werden und Cookies nur im Einzelfall erlauben.<\/p>\n\n\n\n<h2 class=\"wp-block-heading\">6. Google Maps<\/h2>\n\n\n\n<p>Diese Website nutzt den Kartendienst Google Maps. Anbieter ist Google Ireland Limited, Gordon House, Barrow Street, Dublin 4, Irland.<br>Zur Nutzung der Funktionen von Google Maps ist es notwendig, Ihre IP-Adresse zu speichern. Diese Informationen werden in der Regel an einen Server von Google \u00fcbertragen und dort gespeichert.<br>Die Nutzung von Google Maps erfolgt im Interesse einer ansprechenden Darstellung unserer Online-Angebote und einer leichten Auffindbarkeit der von uns angegebenen Orte.<br>Weitere Informationen zum Umgang mit Nutzerdaten finden Sie in der Datenschutzerkl\u00e4rung von Google:<br>https:\/\/policies.google.com\/privacy\u2060<\/p>\n\n\n\n<h2 class=\"wp-block-heading\">7. YouTube<\/h2>\n\n\n\n<p>Auf unserer Website k\u00f6nnen zuk\u00fcnftig Videos der Plattform YouTube eingebunden werden. Anbieter ist Google Ireland Limited.<br>Wenn Sie eine Seite mit einem eingebetteten YouTube-Video besuchen, wird eine Verbindung zu den Servern von YouTube hergestellt. Dabei wird dem YouTube-Server mitgeteilt, welche unserer Seiten Sie besucht haben.<br>Wenn Sie in Ihrem YouTube-Account eingeloggt sind, kann YouTube Ihr Surfverhalten direkt Ihrem pers\u00f6nlichen Profil zuordnen.<br>Weitere Informationen finden Sie in der Datenschutzerkl\u00e4rung von Google:<br>https:\/\/policies.google.com\/privacy\u2060<\/p>\n\n\n\n<h2 class=\"wp-block-heading\">8. SoundCloud<\/h2>\n\n\n\n<p>Auf unserer Website k\u00f6nnen zuk\u00fcnftig Inhalte der Plattform SoundCloud eingebunden werden, beispielsweise Audioaufnahmen von Predigten.<br>Anbieter ist SoundCloud Limited, Rheinsberger Stra\u00dfe 76\/77, 10115 Berlin.<br>Wenn Sie eine Seite besuchen, auf der ein SoundCloud-Player eingebunden ist, kann eine Verbindung zu den Servern von SoundCloud hergestellt werden. Dabei k\u00f6nnen Daten wie Ihre IP-Adresse \u00fcbertragen werden.<br>Weitere Informationen zum Datenschutz bei SoundCloud finden Sie unter:<br>https:\/\/soundcloud.com\/pages\/privacy\u2060<\/p>\n\n\n\n<h2 class=\"wp-block-heading\">9. Eingebettete Inhalte von anderen Websites<\/h2>\n\n\n\n<p>Beitr\u00e4ge auf dieser Website k\u00f6nnen eingebettete Inhalte enthalten, zum Beispiel Videos, Bilder oder Beitr\u00e4ge.<br>Eingebettete Inhalte von anderen Websites verhalten sich genau so, als h\u00e4tte der Besucher die andere Website direkt besucht.<br>Diese Websites k\u00f6nnen Daten \u00fcber Sie sammeln, Cookies verwenden und Ihre Interaktion mit den eingebetteten Inhalten aufzeichnen.<\/p>\n\n\n\n<h2 class=\"wp-block-heading\">10. Speicherdauer<\/h2>\n\n\n\n<p>Personenbezogene Daten werden nur so lange gespeichert, wie dies f\u00fcr den jeweiligen Zweck erforderlich ist oder gesetzliche Aufbewahrungsfristen bestehen.<\/p>\n\n\n\n<h2 class=\"wp-block-heading\">11. Ihre Rechte<\/h2>\n\n\n\n<p>Sie haben jederzeit das Recht:<br>Auskunft \u00fcber Ihre gespeicherten Daten zu erhalten<br>die Berichtigung unrichtiger Daten zu verlangen<br>die L\u00f6schung Ihrer Daten zu verlangen<br>die Einschr\u00e4nkung der Verarbeitung zu verlangen<br>der Verarbeitung Ihrer Daten zu widersprechen<br>Wenn Sie Fragen zum Datenschutz haben, k\u00f6nnen Sie sich jederzeit an uns wenden.<\/p>\n\n\n\n<p><\/p>","protected":false},"excerpt":{"rendered":"<p>1. Verantwortlicher Verantwortlich f\u00fcr die Datenverarbeitung auf dieser Website ist:Christliche Gemeinde TelgteWebsite: https:\/\/cg-telgte.de\u2060Bei Fragen zum Datenschutz k\u00f6nnen Sie sich jederzeit \u00fcber die auf dieser Website angegebenen Kontaktm\u00f6glichkeiten an uns wenden. [&hellip;]<\/p>\n","protected":false},"author":1,"featured_media":0,"parent":0,"menu_order":0,"comment_status":"closed","ping_status":"open","template":"","meta":{"inline_featured_image":false,"ocean_post_layout":"","ocean_both_sidebars_style":"","ocean_both_sidebars_content_width":0,"ocean_both_sidebars_sidebars_width":0,"ocean_sidebar":"","ocean_second_sidebar":"","ocean_disable_margins":"enable","ocean_add_body_class":"","ocean_shortcode_before_top_bar":"","ocean_shortcode_after_top_bar":"","ocean_shortcode_before_header":"","ocean_shortcode_after_header":"","ocean_has_shortcode":"","ocean_shortcode_after_title":"","ocean_shortcode_before_footer_widgets":"","ocean_shortcode_after_footer_widgets":"","ocean_shortcode_before_footer_bottom":"","ocean_shortcode_after_footer_bottom":"","ocean_display_top_bar":"default","ocean_display_header":"default","ocean_header_style":"","ocean_center_header_left_menu":"","ocean_custom_header_template":"","ocean_custom_logo":0,"ocean_custom_retina_logo":0,"ocean_custom_logo_max_width":0,"ocean_custom_logo_tablet_max_width":0,"ocean_custom_logo_mobile_max_width":0,"ocean_custom_logo_max_height":0,"ocean_custom_logo_tablet_max_height":0,"ocean_custom_logo_mobile_max_height":0,"ocean_header_custom_menu":"","ocean_menu_typo_font_family":"","ocean_menu_typo_font_subset":"","ocean_menu_typo_font_size":0,"ocean_menu_typo_font_size_tablet":0,"ocean_menu_typo_font_size_mobile":0,"ocean_menu_typo_font_size_unit":"px","ocean_menu_typo_font_weight":"","ocean_menu_typo_font_weight_tablet":"","ocean_menu_typo_font_weight_mobile":"","ocean_menu_typo_transform":"","ocean_menu_typo_transform_tablet":"","ocean_menu_typo_transform_mobile":"","ocean_menu_typo_line_height":0,"ocean_menu_typo_line_height_tablet":0,"ocean_menu_typo_line_height_mobile":0,"ocean_menu_typo_line_height_unit":"","ocean_menu_typo_spacing":0,"ocean_menu_typo_spacing_tablet":0,"ocean_menu_typo_spacing_mobile":0,"ocean_menu_typo_spacing_unit":"","ocean_menu_link_color":"","ocean_menu_link_color_hover":"","ocean_menu_link_color_active":"","ocean_menu_link_background":"","ocean_menu_link_hover_background":"","ocean_menu_link_active_background":"","ocean_menu_social_links_bg":"","ocean_menu_social_hover_links_bg":"","ocean_menu_social_links_color":"","ocean_menu_social_hover_links_color":"","ocean_disable_title":"default","ocean_disable_heading":"default","ocean_post_title":"","ocean_post_subheading":"","ocean_post_title_style":"","ocean_post_title_background_color":"","ocean_post_title_background":0,"ocean_post_title_bg_image_position":"","ocean_post_title_bg_image_attachment":"","ocean_post_title_bg_image_repeat":"","ocean_post_title_bg_image_size":"","ocean_post_title_height":0,"ocean_post_title_bg_overlay":0.5,"ocean_post_title_bg_overlay_color":"","ocean_disable_breadcrumbs":"default","ocean_breadcrumbs_color":"","ocean_breadcrumbs_separator_color":"","ocean_breadcrumbs_links_color":"","ocean_breadcrumbs_links_hover_color":"","ocean_display_footer_widgets":"off","ocean_display_footer_bottom":"default","ocean_custom_footer_template":"","footnotes":""},"class_list":["post-3","page","type-page","status-publish","hentry","entry"],"yoast_head":"<!-- This site is optimized with the Yoast SEO plugin v27.3 - https:\/\/yoast.com\/product\/yoast-seo-wordpress\/ -->\n<title>Datenschutzerkl\u00e4rung - cg-telgte.de<\/title>\n<meta name=\"robots\" content=\"index, follow, max-snippet:-1, max-image-preview:large, max-video-preview:-1\" \/>\n<link rel=\"canonical\" href=\"https:\/\/cg-telgte.de\/ru\/privacy-policy\/\" \/>\n<meta property=\"og:locale\" content=\"ru_RU\" \/>\n<meta property=\"og:type\" content=\"article\" \/>\n<meta property=\"og:title\" content=\"Datenschutzerkl\u00e4rung - cg-telgte.de\" \/>\n<meta property=\"og:description\" content=\"1. Verantwortlicher Verantwortlich f\u00fcr die Datenverarbeitung auf dieser Website ist:Christliche Gemeinde TelgteWebsite: https:\/\/cg-telgte.de\u2060Bei Fragen zum Datenschutz k\u00f6nnen Sie sich jederzeit \u00fcber die auf dieser Website angegebenen Kontaktm\u00f6glichkeiten an uns wenden. [&hellip;]\" \/>\n<meta property=\"og:url\" content=\"https:\/\/cg-telgte.de\/ru\/privacy-policy\/\" \/>\n<meta property=\"og:site_name\" content=\"cg-telgte.de\" \/>\n<meta property=\"article:modified_time\" content=\"2026-03-05T19:55:34+00:00\" \/>\n<meta name=\"twitter:card\" content=\"summary_large_image\" \/>\n<meta name=\"twitter:label1\" content=\"\u041f\u0440\u0438\u043c\u0435\u0440\u043d\u043e\u0435 \u0432\u0440\u0435\u043c\u044f \u0434\u043b\u044f \u0447\u0442\u0435\u043d\u0438\u044f\" \/>\n\t<meta name=\"twitter:data1\" content=\"4 \u043c\u0438\u043d\u0443\u0442\u044b\" \/>\n<script type=\"application\/ld+json\" class=\"yoast-schema-graph\">{\"@context\":\"https:\\\/\\\/schema.org\",\"@graph\":[{\"@type\":\"WebPage\",\"@id\":\"https:\\\/\\\/cg-telgte.de\\\/privacy-policy\\\/\",\"url\":\"https:\\\/\\\/cg-telgte.de\\\/privacy-policy\\\/\",\"name\":\"Datenschutzerkl\u00e4rung - cg-telgte.de\",\"isPartOf\":{\"@id\":\"https:\\\/\\\/cg-telgte.de\\\/#website\"},\"datePublished\":\"2026-02-10T11:56:40+00:00\",\"dateModified\":\"2026-03-05T19:55:34+00:00\",\"breadcrumb\":{\"@id\":\"https:\\\/\\\/cg-telgte.de\\\/privacy-policy\\\/#breadcrumb\"},\"inLanguage\":\"ru-RU\",\"potentialAction\":[{\"@type\":\"ReadAction\",\"target\":[\"https:\\\/\\\/cg-telgte.de\\\/privacy-policy\\\/\"]}]},{\"@type\":\"BreadcrumbList\",\"@id\":\"https:\\\/\\\/cg-telgte.de\\\/privacy-policy\\\/#breadcrumb\",\"itemListElement\":[{\"@type\":\"ListItem\",\"position\":1,\"name\":\"Start\",\"item\":\"https:\\\/\\\/cg-telgte.de\\\/\"},{\"@type\":\"ListItem\",\"position\":2,\"name\":\"Datenschutzerkl\u00e4rung\"}]},{\"@type\":\"WebSite\",\"@id\":\"https:\\\/\\\/cg-telgte.de\\\/#website\",\"url\":\"https:\\\/\\\/cg-telgte.de\\\/\",\"name\":\"cg-telgte.de\",\"description\":\"Christliche Gemeinde Telgte\",\"publisher\":{\"@id\":\"https:\\\/\\\/cg-telgte.de\\\/#organization\"},\"potentialAction\":[{\"@type\":\"SearchAction\",\"target\":{\"@type\":\"EntryPoint\",\"urlTemplate\":\"https:\\\/\\\/cg-telgte.de\\\/?s={search_term_string}\"},\"query-input\":{\"@type\":\"PropertyValueSpecification\",\"valueRequired\":true,\"valueName\":\"search_term_string\"}}],\"inLanguage\":\"ru-RU\"},{\"@type\":\"Organization\",\"@id\":\"https:\\\/\\\/cg-telgte.de\\\/#organization\",\"name\":\"cg-telgte.de\",\"url\":\"https:\\\/\\\/cg-telgte.de\\\/\",\"logo\":{\"@type\":\"ImageObject\",\"inLanguage\":\"ru-RU\",\"@id\":\"https:\\\/\\\/cg-telgte.de\\\/#\\\/schema\\\/logo\\\/image\\\/\",\"url\":\"https:\\\/\\\/cg-telgte.de\\\/wp-content\\\/uploads\\\/2026\\\/02\\\/cropped-Kein-Titel-1200-x-675-px_20260228_010306_0000.png\",\"contentUrl\":\"https:\\\/\\\/cg-telgte.de\\\/wp-content\\\/uploads\\\/2026\\\/02\\\/cropped-Kein-Titel-1200-x-675-px_20260228_010306_0000.png\",\"width\":423,\"height\":280,\"caption\":\"cg-telgte.de\"},\"image\":{\"@id\":\"https:\\\/\\\/cg-telgte.de\\\/#\\\/schema\\\/logo\\\/image\\\/\"}}]}<\/script>\n<!-- \/ Yoast SEO plugin. -->","yoast_head_json":{"title":"Datenschutzerkl\u00e4rung - cg-telgte.de","robots":{"index":"index","follow":"follow","max-snippet":"max-snippet:-1","max-image-preview":"max-image-preview:large","max-video-preview":"max-video-preview:-1"},"canonical":"https:\/\/cg-telgte.de\/ru\/privacy-policy\/","og_locale":"ru_RU","og_type":"article","og_title":"Datenschutzerkl\u00e4rung - cg-telgte.de","og_description":"1. Verantwortlicher Verantwortlich f\u00fcr die Datenverarbeitung auf dieser Website ist:Christliche Gemeinde TelgteWebsite: https:\/\/cg-telgte.de\u2060Bei Fragen zum Datenschutz k\u00f6nnen Sie sich jederzeit \u00fcber die auf dieser Website angegebenen Kontaktm\u00f6glichkeiten an uns wenden. [&hellip;]","og_url":"https:\/\/cg-telgte.de\/ru\/privacy-policy\/","og_site_name":"cg-telgte.de","article_modified_time":"2026-03-05T19:55:34+00:00","twitter_card":"summary_large_image","twitter_misc":{"\u041f\u0440\u0438\u043c\u0435\u0440\u043d\u043e\u0435 \u0432\u0440\u0435\u043c\u044f \u0434\u043b\u044f \u0447\u0442\u0435\u043d\u0438\u044f":"4 \u043c\u0438\u043d\u0443\u0442\u044b"},"schema":{"@context":"https:\/\/schema.org","@graph":[{"@type":"WebPage","@id":"https:\/\/cg-telgte.de\/privacy-policy\/","url":"https:\/\/cg-telgte.de\/privacy-policy\/","name":"Datenschutzerkl\u00e4rung - cg-telgte.de","isPartOf":{"@id":"https:\/\/cg-telgte.de\/#website"},"datePublished":"2026-02-10T11:56:40+00:00","dateModified":"2026-03-05T19:55:34+00:00","breadcrumb":{"@id":"https:\/\/cg-telgte.de\/privacy-policy\/#breadcrumb"},"inLanguage":"ru-RU","potentialAction":[{"@type":"ReadAction","target":["https:\/\/cg-telgte.de\/privacy-policy\/"]}]},{"@type":"BreadcrumbList","@id":"https:\/\/cg-telgte.de\/privacy-policy\/#breadcrumb","itemListElement":[{"@type":"ListItem","position":1,"name":"Start","item":"https:\/\/cg-telgte.de\/"},{"@type":"ListItem","position":2,"name":"Datenschutzerkl\u00e4rung"}]},{"@type":"WebSite","@id":"https:\/\/cg-telgte.de\/#website","url":"https:\/\/cg-telgte.de\/","name":"cg-telgte.de","description":"\u0425\u0440\u0438\u0441\u0442\u0438\u0430\u043d\u0441\u043a\u0430\u044f \u043e\u0431\u0449\u0438\u043d\u0430 \u0422\u0435\u043b\u044c\u0433\u0442\u0435","publisher":{"@id":"https:\/\/cg-telgte.de\/#organization"},"potentialAction":[{"@type":"SearchAction","target":{"@type":"EntryPoint","urlTemplate":"https:\/\/cg-telgte.de\/?s={search_term_string}"},"query-input":{"@type":"PropertyValueSpecification","valueRequired":true,"valueName":"search_term_string"}}],"inLanguage":"ru-RU"},{"@type":"Organization","@id":"https:\/\/cg-telgte.de\/#organization","name":"cg-telgte.de","url":"https:\/\/cg-telgte.de\/","logo":{"@type":"ImageObject","inLanguage":"ru-RU","@id":"https:\/\/cg-telgte.de\/#\/schema\/logo\/image\/","url":"https:\/\/cg-telgte.de\/wp-content\/uploads\/2026\/02\/cropped-Kein-Titel-1200-x-675-px_20260228_010306_0000.png","contentUrl":"https:\/\/cg-telgte.de\/wp-content\/uploads\/2026\/02\/cropped-Kein-Titel-1200-x-675-px_20260228_010306_0000.png","width":423,"height":280,"caption":"cg-telgte.de"},"image":{"@id":"https:\/\/cg-telgte.de\/#\/schema\/logo\/image\/"}}]}},"_hostinger_reach_plugin_has_subscription_block":false,"_hostinger_reach_plugin_is_elementor":false,"_links":{"self":[{"href":"https:\/\/cg-telgte.de\/ru\/wp-json\/wp\/v2\/pages\/3","targetHints":{"allow":["GET"]}}],"collection":[{"href":"https:\/\/cg-telgte.de\/ru\/wp-json\/wp\/v2\/pages"}],"about":[{"href":"https:\/\/cg-telgte.de\/ru\/wp-json\/wp\/v2\/types\/page"}],"author":[{"embeddable":true,"href":"https:\/\/cg-telgte.de\/ru\/wp-json\/wp\/v2\/users\/1"}],"replies":[{"embeddable":true,"href":"https:\/\/cg-telgte.de\/ru\/wp-json\/wp\/v2\/comments?post=3"}],"version-history":[{"count":4,"href":"https:\/\/cg-telgte.de\/ru\/wp-json\/wp\/v2\/pages\/3\/revisions"}],"predecessor-version":[{"id":872,"href":"https:\/\/cg-telgte.de\/ru\/wp-json\/wp\/v2\/pages\/3\/revisions\/872"}],"wp:attachment":[{"href":"https:\/\/cg-telgte.de\/ru\/wp-json\/wp\/v2\/media?parent=3"}],"curies":[{"name":"wp","href":"https:\/\/api.w.org\/{rel}","templated":true}]}}